{"id":5939,"date":"2015-08-03T16:04:58","date_gmt":"2015-08-03T14:04:58","guid":{"rendered":"http:\/\/www.pmsistem.it\/it\/trasportatore-a-piastre-metalliche-2\/"},"modified":"2015-08-24T11:37:09","modified_gmt":"2015-08-24T09:37:09","slug":"trasportatore-a-bagno-dacqua","status":"publish","type":"page","link":"https:\/\/www.pmsistem.it\/it\/trasportatore-a-bagno-dacqua\/","title":{"rendered":"Trasportatore a bagno d&#8217;acqua"},"content":{"rendered":"<div class=\"clearboth\"><\/div><\/div><\/div><\/div><div id=\"mk-page-section-69f714060e45e\" data-intro-effect=\"false\" class=\"full-width-69f714060e45e  full-height-false mk-page-section self-hosted mk-blur-parent mk-shortcode  \" ><div style=\"background-color:#000000;opacity:0.6; -ms-filter:'progid:DXImageTransform.Microsoft.Alpha(Opacity=60)';\" class=\"mk-video-color-mask\"><\/div><div class=\"background-clipper\"><div id=\"background-layer--69f714060e45e\" class=\"background-layer  clipper-false parallax-true\" data-speedFactor=\"0.3\"><\/div><\/div><div class=\"vc_row-fluid page-section-fullwidth page-section-content\"><div class=\"mk-padding-wrapper\">\n\t<div style=\"\" class=\"vc_col-sm-12 wpb_column column_container \">\n\t\t\t<style>#fancy-title-69f714060ec37 {font-family: \"Montserrat\"}<\/style><h2 style=\"font-size: 65px;text-align:left;color: #ed7f00;font-style:inhert;font-weight:normal;padding-top:10px;padding-bottom:10px; text-transform:none;letter-spacing:0px;\" id=\"fancy-title-69f714060ec37\" class=\"mk-shortcode mk-fancy-title fancy-title-align-left mk-force-responsive simple-style \"><span style=\"\">\n<p style=\"text-align: center;\">Trasportatore a\u00a0bagno d&#8217;acqua tipo &#8220;Zippe&#8221;<\/p>\n<\/span><\/h2><div class=\"clearboth\"><\/div>\t<div class=\"vc_empty_space\"  style=\"height: 80px\" ><span\n\t\t\tclass=\"vc_empty_space_inner\"><\/span><\/div>\n\n\n\t<\/div><\/div><div class=\"clearboth\"><\/div><\/div><div class=\"clearboth\"><\/div><\/div><div class=\"mk-main-wrapper-holder\"><div class=\"theme-page-wrapper  -layout mk-grid vc_row-fluid row-fluid\"><div class=\"theme-content \"><div id=\"ajax-69f714060e45e\" class=\"mk-dynamic-styles\"><!--  .full-width-69f714060e45e { min-height:0px; padding:140px 0 40px; margin-bottom:0px; } #background-layer--69f714060e45e { background-image:url(https:\/\/www.pmsistem.it\/it\/wp-content\/uploads\/2015\/08\/Zippe.jpg); background-position:center center; background-repeat:no-repeat; background-attachment: fixed;; } --><\/div><div class=\"wpb_row vc_row  vc_row-fluid  mk-fullwidth-false  attched-false vc_row-fluid\">\n\t<div style=\"\" class=\"vc_col-sm-12 wpb_column column_container \">\n\t\t\t\t<div class=\"vc_empty_space\"  style=\"height: 80px\" ><span\n\t\t\tclass=\"vc_empty_space_inner\"><\/span><\/div>\n\n<div style=\"font-size: 23px;\" id=\"blockquote-69f714060f75b\" class=\"mk-shortcode mk-blockquote line-style \">Il Trasportatore viene impiegato per quei materiali che devono essere raffreddati in acqua prima di essere inseriti nel ciclo produttivo, quindi essere trasportato con normali trasportatori a nastro in gomma.<\/div>\n\t<\/div><\/div><div class=\"wpb_row vc_row  vc_row-fluid  mk-fullwidth-false  attched-false vc_row-fluid\">\n\t<div style=\"\" class=\"vc_col-sm-6 wpb_column column_container \">\n\t\t\t\n\t<div class=\"wpb_single_image wpb_content_element vc_align_center\">\n\t\t<div class=\"wpb_wrapper\">\n\t\t\t\n\t\t\t<div class=\"vc_single_image-wrapper vc_box_outline  vc_box_border_grey\"><img loading=\"lazy\" decoding=\"async\" width=\"1920\" height=\"1440\" src=\"https:\/\/www.pmsistem.it\/it\/wp-content\/uploads\/2015\/08\/Zippe-2.jpg\" class=\"vc_single_image-img attachment-full\" alt=\"\" srcset=\"https:\/\/www.pmsistem.it\/it\/wp-content\/uploads\/2015\/08\/Zippe-2.jpg 1920w, https:\/\/www.pmsistem.it\/it\/wp-content\/uploads\/2015\/08\/Zippe-2-300x225.jpg 300w, https:\/\/www.pmsistem.it\/it\/wp-content\/uploads\/2015\/08\/Zippe-2-1024x768.jpg 1024w\" sizes=\"auto, (max-width: 1920px) 100vw, 1920px\" \/><\/div>\n\t\t<\/div> \n\t<\/div> \n\t<\/div>\n\t<div style=\"\" class=\"vc_col-sm-6 wpb_column column_container \">\n\t\t\t\n\t<div class=\"wpb_single_image wpb_content_element vc_align_center\">\n\t\t<div class=\"wpb_wrapper\">\n\t\t\t\n\t\t\t<div class=\"vc_single_image-wrapper vc_box_outline  vc_box_border_grey\"><img loading=\"lazy\" decoding=\"async\" width=\"1920\" height=\"1440\" src=\"https:\/\/www.pmsistem.it\/it\/wp-content\/uploads\/2015\/08\/Zippe-1.jpg\" class=\"vc_single_image-img attachment-full\" alt=\"\" srcset=\"https:\/\/www.pmsistem.it\/it\/wp-content\/uploads\/2015\/08\/Zippe-1.jpg 1920w, https:\/\/www.pmsistem.it\/it\/wp-content\/uploads\/2015\/08\/Zippe-1-300x225.jpg 300w, https:\/\/www.pmsistem.it\/it\/wp-content\/uploads\/2015\/08\/Zippe-1-1024x768.jpg 1024w\" sizes=\"auto, (max-width: 1920px) 100vw, 1920px\" \/><\/div>\n\t\t<\/div> \n\t<\/div> \n\t<\/div><\/div><div class=\"wpb_row vc_row  vc_row-fluid  mk-fullwidth-false  attched-false vc_row-fluid\">\n\t<div style=\"\" class=\"vc_col-sm-12 wpb_column column_container \">\n\t\t\t\t<div style=\" margin-bottom:0px;text-align: left;\" class=\"mk-text-block  \"><p>La sua struttura \u00e8 pressoch\u00e9 una cassa che possa contenere acqua o liquido refrigerante, quindi stagna. Essa allogger\u00e0 al suo interno due catene dotate di raschiatori per il dragaggio del materiale solido che si deposita sul fondo.<\/p>\n<p>Le catene sono del tipo a maglia dotate di raschiatori. Le catene escono dall&#8217;acqua nel tratto finale inclinato del trasportatore per essere convogliate su altri trasportatori. Richiedono un fondo di strisciamento dei raschiatori in materiale anti-usura.<\/p>\n<p>La portata richiesta e le velocit\u00e0 di trasporto sono generalmente modeste.<\/p>\n<div class=\"clearboth\"><\/div><\/div> \n\t<\/div><\/div><div class=\"wpb_row vc_row  vc_row-fluid  mk-fullwidth-false  attched-false vc_row-fluid\">\n\t<div style=\"\" class=\"vc_col-sm-12 wpb_column column_container \">\n\t\t\t\n\t<div class=\"wpb_single_image wpb_content_element vc_align_center\">\n\t\t<div class=\"wpb_wrapper\">\n\t\t\t\n\t\t\t<div class=\"vc_single_image-wrapper vc_box_outline  vc_box_border_grey\"><img loading=\"lazy\" decoding=\"async\" width=\"1920\" height=\"1440\" src=\"https:\/\/www.pmsistem.it\/it\/wp-content\/uploads\/2015\/08\/Zippe-4.jpg\" class=\"vc_single_image-img attachment-full\" alt=\"\" srcset=\"https:\/\/www.pmsistem.it\/it\/wp-content\/uploads\/2015\/08\/Zippe-4.jpg 1920w, https:\/\/www.pmsistem.it\/it\/wp-content\/uploads\/2015\/08\/Zippe-4-300x225.jpg 300w, https:\/\/www.pmsistem.it\/it\/wp-content\/uploads\/2015\/08\/Zippe-4-1024x768.jpg 1024w\" sizes=\"auto, (max-width: 1920px) 100vw, 1920px\" \/><\/div>\n\t\t<\/div> \n\t<\/div> \n\t<\/div><\/div>\n","protected":false},"excerpt":{"rendered":"#fancy-title-69f7140611482 {font-family: \"Montserrat\"} Trasportatore a\u00a0bagno d'acqua tipo \"Zippe\" Il Trasportatore viene impiegato per quei materiali che devono essere raffreddati in acqua prima di essere inseriti nel ciclo produttivo, quindi essere trasportato con normali trasportatori a nastro in gomma. La sua struttura \u00e8 pressoch\u00e9 una cassa che possa contenere acqua o liquido refrigerante, quindi stagna. Essa [...]","protected":false},"author":2,"featured_media":6102,"parent":0,"menu_order":0,"comment_status":"open","ping_status":"closed","template":"","meta":{"footnotes":""},"class_list":["post-5939","page","type-page","status-publish","has-post-thumbnail","hentry"],"_links":{"self":[{"href":"https:\/\/www.pmsistem.it\/it\/wp-json\/wp\/v2\/pages\/5939","targetHints":{"allow":["GET"]}}],"collection":[{"href":"https:\/\/www.pmsistem.it\/it\/wp-json\/wp\/v2\/pages"}],"about":[{"href":"https:\/\/www.pmsistem.it\/it\/wp-json\/wp\/v2\/types\/page"}],"author":[{"embeddable":true,"href":"https:\/\/www.pmsistem.it\/it\/wp-json\/wp\/v2\/users\/2"}],"replies":[{"embeddable":true,"href":"https:\/\/www.pmsistem.it\/it\/wp-json\/wp\/v2\/comments?post=5939"}],"version-history":[{"count":4,"href":"https:\/\/www.pmsistem.it\/it\/wp-json\/wp\/v2\/pages\/5939\/revisions"}],"predecessor-version":[{"id":6045,"href":"https:\/\/www.pmsistem.it\/it\/wp-json\/wp\/v2\/pages\/5939\/revisions\/6045"}],"wp:featuredmedia":[{"embeddable":true,"href":"https:\/\/www.pmsistem.it\/it\/wp-json\/wp\/v2\/media\/6102"}],"wp:attachment":[{"href":"https:\/\/www.pmsistem.it\/it\/wp-json\/wp\/v2\/media?parent=5939"}],"curies":[{"name":"wp","href":"https:\/\/api.w.org\/{rel}","templated":true}]}}